{"id":12182,"date":"2021-01-20T02:59:20","date_gmt":"2021-01-20T02:59:20","guid":{"rendered":"https:\/\/komodocondominio.com\/?page_id=12182"},"modified":"2021-01-20T15:51:10","modified_gmt":"2021-01-20T15:51:10","slug":"politicas-de-privacidad","status":"publish","type":"page","link":"https:\/\/www.komodocondominio.com\/?page_id=12182","title":{"rendered":"Politicas de privacidad"},"content":{"rendered":"<body>\t\t<div data-elementor-type=\"wp-page\" data-elementor-id=\"12182\" class=\"elementor elementor-12182\">\n\t\t\t\t\t\t<section class=\"elementor-section elementor-top-section elementor-element elementor-element-b3be794 elementor-section-full_width elementor-section-stretched elementor-section-height-default elementor-section-height-default\" data-id=\"b3be794\" data-element_type=\"section\" data-e-type=\"section\" data-settings='{\"stretch_section\":\"section-stretched\",\"background_background\":\"classic\"}'>\n\t\t\t\t\t\t<div class=\"elementor-container elementor-column-gap-default\">\n\t\t\t\t\t<div class=\"elementor-column elementor-col-100 elementor-top-column elementor-element elementor-element-b8e286a\" data-id=\"b8e286a\" data-element_type=\"column\" data-e-type=\"column\">\n\t\t\t<div class=\"elementor-widget-wrap elementor-element-populated\">\n\t\t\t\t\t\t<div class=\"elementor-element elementor-element-dedaa04 elementor-widget elementor-widget-spacer\" data-id=\"dedaa04\" data-element_type=\"widget\" data-e-type=\"widget\" data-widget_type=\"spacer.default\">\n\t\t\t\t<div class=\"elementor-widget-container\">\n\t\t\t\t\t\t\t<div class=\"elementor-spacer\">\n\t\t\t<div class=\"elementor-spacer-inner\"><\/div>\n\t\t<\/div>\n\t\t\t\t\t\t<\/div>\n\t\t\t\t<\/div>\n\t\t\t\t<div class=\"elementor-element elementor-element-a773015 elementor-widget elementor-widget-heading\" data-id=\"a773015\" data-element_type=\"widget\" data-e-type=\"widget\" data-widget_type=\"heading.default\">\n\t\t\t\t<div class=\"elementor-widget-container\">\n\t\t\t\t\t<h2 class=\"elementor-heading-title elementor-size-default\">Pol\u00edticas de Privacidad<\/h2>\t\t\t\t<\/div>\n\t\t\t\t<\/div>\n\t\t\t\t<div class=\"elementor-element elementor-element-957f108 elementor-widget elementor-widget-text-editor\" data-id=\"957f108\" data-element_type=\"widget\" data-e-type=\"widget\" data-widget_type=\"text-editor.default\">\n\t\t\t\t<div class=\"elementor-widget-container\">\n\t\t\t\t\t\t\t\t\t<p>En SUPER INMOBILIARIA S.A.C respetamos la privacidad y seguridad de la informaci\u00f3n brindada por nuestros usuarios. Por ese motivo ponemos a su disposici\u00f3n nuestras pol\u00edticas de privacidad aplicables a los datos de todos los usuarios de nuestro sitio web (en adelante www.komodocondominio.com).<\/p><p>Komodocondominio.com es responsable de no revelar a terceros ninguna clase de informaci\u00f3n que le pertenezca, salvo su expresa autorizaci\u00f3n o fuerzas de naturaleza mayor de tipo legal que lo requieran.<\/p><p><strong>SEGURIDAD DE LA INFORMACI\u00d3N<\/strong><\/p><p>Komodocondominio.com es responsable de velar por su seguridad, por la privacidad de su informaci\u00f3n y por el respeto a sus datos, de acuerdo con las limitaciones que la actual Internet nos provee, siendo conscientes que no estamos excluidos de sufrir alg\u00fan ataque por parte de crackers o usuarios malintencionados que cometan delitos inform\u00e1ticos.<\/p><p><strong>OBTENCI\u00d3N DE SU INFORMACI\u00d3N<\/strong><\/p><p>Todos sus datos personales consignados en www.komodocondominio.com son suministrados por usted mismo, haciendo uso entero de su libertad. La informaci\u00f3n aqu\u00ed almacenada s\u00f3lo comprende datos b\u00e1sicos ingresados mediante formularios de contacto, comentarios u otros similares.<\/p><p><strong>USO DE LA INFORMACI\u00d3N<\/strong><\/p><p>De conformidad con lo establecido en la Ley N\u00b0 29733 \u2013 \u201cLey de Protecci\u00f3n de Datos Personales\u201d, y su Reglamento, Decreto Supremo N\u00b0 003-2013-JUS, y sus normas complementarias y modificatorias (todas \u00e9stas en adelante definidas como la \u201cNormativa de Protecci\u00f3n de Datos Personales\u201d), declaro que en forma libre, previa, expresa e inequ\u00edvoca, brindo mi consentimiento a SUPER INMOBILIARIA S.A.C, para dar el tratamiento a mis Datos Personales, es decir podr\u00e1 acceder, recopilar, registrar, organizar, almacenar, conservar, elaborar, modificar, bloquear, suprimir, extraer, consultar, utilizar, transferir o procesar de cualquier otra forma prevista por la Ley.<br>Asimismo, se\u00f1alo que los Datos Personales obtenidos ser\u00e1n almacenados en la Base de Datos de SUPER INMOBILIARIA S.A.C, para cumplir con los siguientes fines: el contacto para participar en estudios de investigaci\u00f3n de mercado, el env\u00edo de anuncios comerciales, la comercializaci\u00f3n de productos y servicios, entre otros. SUPER INMOBILIARIA S.A.C garantiza que toda la informaci\u00f3n proporcionada ser\u00e1 guardada bajo estricta confidencialidad. <br>Conozco que puedo ejercer, de acuerdo con la legislaci\u00f3n vigente, los derechos de informaci\u00f3n, acceso, actualizaci\u00f3n, inclusi\u00f3n, rectificaci\u00f3n, supresi\u00f3n y oposici\u00f3n sobre sus datos personales, enviando una comunicaci\u00f3n al correo electr\u00f3nico: protecciondedatos@komodocondominio.com<\/p><p><strong>USO DE LOS COOKIES<\/strong><\/p><p>El uso de cookies y su direcci\u00f3n IP, tomados por este sitio, se realiza solo con la finalidad de mantenerles un sitio de acuerdo con sus preferencias locales (tales como navegador web usado, sistema operativo, ISP, etc.). Las \u201ccookies\u201d permiten entregar un contenido ajustado a los intereses y necesidades de nuestros usuarios\/visitantes. Tambi\u00e9n podr\u00edan usarse cookies de Terceros que est\u00e9n presentes en Komodocondominio.com, como anunciantes o publicidad de este, con el \u00fanico fin de proveer informaciones adicionales o relevantes a la Navegaci\u00f3n del Usuario en este Sitio Web.<\/p><p><strong>MODIFICACIONES A NUESTRAS POL\u00cdTICAS DE PRIVACIDAD<\/strong><\/p><p>Komodocondominio.com se reserva el derecho de modificar, rectificar, alterar, agregar o eliminar cualquier punto del presente escrito en cualquier momento y sin previo aviso, siendo su responsabilidad el mantenerse informado del mismo para una adecuada administraci\u00f3n de su informaci\u00f3n.<\/p><p><strong>ESTAD\u00cdSTICAS Y OTROS SITIOS AFINES A www.komodocondominio.com <\/strong><br>Para el correcto funcionamiento de este sitio web, se hacen uso de diversas cookies, tanto del sitio como de nuestros proveedores (como se expuso en el punto anterior), almacenados en su equipo o mediante el uso de alg\u00fan script. Estas cookies solo se almacenan en su equipo con fines estad\u00edsticos.<\/p>\t\t\t\t\t\t\t\t<\/div>\n\t\t\t\t<\/div>\n\t\t\t\t<div class=\"elementor-element elementor-element-b829f0d elementor-widget elementor-widget-image\" data-id=\"b829f0d\" data-element_type=\"widget\" data-e-type=\"widget\" data-widget_type=\"image.default\">\n\t\t\t\t<div class=\"elementor-widget-container\">\n\t\t\t\t\t\t\t\t\t\t\t\t\t\t\t<img loading=\"lazy\" decoding=\"async\" width=\"300\" height=\"172\" src=\"https:\/\/www.komodocondominio.com\/wp-content\/uploads\/2021\/01\/LOGO-KOMODO1_Mesa-de-trabajo-2-1.jpg\" class=\"attachment-large size-large wp-image-47\" alt=\"\" loading=\"lazy\">\t\t\t\t\t\t\t\t\t\t\t\t\t\t\t<\/div>\n\t\t\t\t<\/div>\n\t\t\t\t\t<\/div>\n\t\t<\/div>\n\t\t\t\t\t<\/div>\n\t\t<\/section>\n\t\t\t\t<section class=\"elementor-section elementor-top-section elementor-element elementor-element-1834cc0 elementor-section-full_width elementor-section-stretched elementor-section-height-default elementor-section-height-default\" data-id=\"1834cc0\" data-element_type=\"section\" data-e-type=\"section\" data-settings='{\"stretch_section\":\"section-stretched\",\"background_background\":\"classic\"}'>\n\t\t\t\t\t\t<div class=\"elementor-container elementor-column-gap-default\">\n\t\t\t\t\t<div class=\"elementor-column elementor-col-33 elementor-top-column elementor-element elementor-element-6a45161\" data-id=\"6a45161\" data-element_type=\"column\" data-e-type=\"column\">\n\t\t\t<div class=\"elementor-widget-wrap elementor-element-populated\">\n\t\t\t\t\t\t<div class=\"elementor-element elementor-element-d297894 elementor-shape-circle elementor-grid-0 e-grid-align-center elementor-widget elementor-widget-social-icons\" data-id=\"d297894\" data-element_type=\"widget\" data-e-type=\"widget\" data-widget_type=\"social-icons.default\">\n\t\t\t\t<div class=\"elementor-widget-container\">\n\t\t\t\t\t\t\t<div class=\"elementor-social-icons-wrapper elementor-grid\" role=\"list\">\n\t\t\t\t\t\t\t<span class=\"elementor-grid-item\" role=\"listitem\">\n\t\t\t\t\t<a class=\"elementor-icon elementor-social-icon elementor-social-icon-facebook elementor-repeater-item-18a5b6e\" href=\"https:\/\/www.facebook.com\/KomodoCondominio\" target=\"_blank\">\n\t\t\t\t\t\t<span class=\"elementor-screen-only\">Facebook<\/span>\n\t\t\t\t\t\t<i aria-hidden=\"true\" class=\"fab fa-facebook\"><\/i>\t\t\t\t\t<\/a>\n\t\t\t\t<\/span>\n\t\t\t\t\t\t\t<span class=\"elementor-grid-item\" role=\"listitem\">\n\t\t\t\t\t<a class=\"elementor-icon elementor-social-icon elementor-social-icon-instagram elementor-repeater-item-e2c51d5\" href=\"https:\/\/www.instagram.com\/komodocondominio\/\" target=\"_blank\">\n\t\t\t\t\t\t<span class=\"elementor-screen-only\">Instagram<\/span>\n\t\t\t\t\t\t<i aria-hidden=\"true\" class=\"fab fa-instagram\"><\/i>\t\t\t\t\t<\/a>\n\t\t\t\t<\/span>\n\t\t\t\t\t<\/div>\n\t\t\t\t\t\t<\/div>\n\t\t\t\t<\/div>\n\t\t\t\t\t<\/div>\n\t\t<\/div>\n\t\t\t\t<div class=\"elementor-column elementor-col-33 elementor-top-column elementor-element elementor-element-d8849ec\" data-id=\"d8849ec\" data-element_type=\"column\" data-e-type=\"column\">\n\t\t\t<div class=\"elementor-widget-wrap elementor-element-populated\">\n\t\t\t\t\t\t<div class=\"elementor-element elementor-element-bb6c196 elementor-widget elementor-widget-text-editor\" data-id=\"bb6c196\" data-element_type=\"widget\" data-e-type=\"widget\" data-widget_type=\"text-editor.default\">\n\t\t\t\t<div class=\"elementor-widget-container\">\n\t\t\t\t\t\t\t\t\t<p style=\"text-align: center;\"><strong><a href=\"https:\/\/komodocondominio.com\/politicas-de-privacidad\/\">Politicas de Privacidad De Dato<\/a><\/strong><\/p>\t\t\t\t\t\t\t\t<\/div>\n\t\t\t\t<\/div>\n\t\t\t\t\t<\/div>\n\t\t<\/div>\n\t\t\t\t<div class=\"elementor-column elementor-col-33 elementor-top-column elementor-element elementor-element-de70bd7\" data-id=\"de70bd7\" data-element_type=\"column\" data-e-type=\"column\">\n\t\t\t<div class=\"elementor-widget-wrap elementor-element-populated\">\n\t\t\t\t\t\t<div class=\"elementor-element elementor-element-8e66a9d elementor-widget elementor-widget-text-editor\" data-id=\"8e66a9d\" data-element_type=\"widget\" data-e-type=\"widget\" data-widget_type=\"text-editor.default\">\n\t\t\t\t<div class=\"elementor-widget-container\">\n\t\t\t\t\t\t\t\t\t<p><img loading=\"lazy\" decoding=\"async\" class=\"wp-image-12254 aligncenter\" src=\"https:\/\/komodocondominio.com\/wp-content\/uploads\/2021\/01\/0.png\" alt=\"\" width=\"107\" height=\"32\" loading=\"lazy\"><\/p>\t\t\t\t\t\t\t\t<\/div>\n\t\t\t\t<\/div>\n\t\t\t\t\t<\/div>\n\t\t<\/div>\n\t\t\t\t\t<\/div>\n\t\t<\/section>\n\t\t\t\t<\/div>\n\t\t<\/body>","protected":false},"excerpt":{"rendered":"<p>Pol\u00edticas de Privacidad En SUPER INMOBILIARIA S.A.C respetamos la privacidad&hellip;<\/p>\n<p> <a class=\"more-link\" href=\"https:\/\/www.komodocondominio.com\/?page_id=12182\">Leer m\u00e1s<\/a><\/p>\n","protected":false},"author":5,"featured_media":0,"parent":0,"menu_order":0,"comment_status":"closed","ping_status":"closed","template":"","meta":{"footnotes":""},"class_list":["post-12182","page","type-page","status-publish"],"aioseo_notices":[],"_links":{"self":[{"href":"https:\/\/www.komodocondominio.com\/index.php?rest_route=\/wp\/v2\/pages\/12182","targetHints":{"allow":["GET"]}}],"collection":[{"href":"https:\/\/www.komodocondominio.com\/index.php?rest_route=\/wp\/v2\/pages"}],"about":[{"href":"https:\/\/www.komodocondominio.com\/index.php?rest_route=\/wp\/v2\/types\/page"}],"author":[{"embeddable":true,"href":"https:\/\/www.komodocondominio.com\/index.php?rest_route=\/wp\/v2\/users\/5"}],"replies":[{"embeddable":true,"href":"https:\/\/www.komodocondominio.com\/index.php?rest_route=%2Fwp%2Fv2%2Fcomments&post=12182"}],"version-history":[{"count":37,"href":"https:\/\/www.komodocondominio.com\/index.php?rest_route=\/wp\/v2\/pages\/12182\/revisions"}],"predecessor-version":[{"id":12285,"href":"https:\/\/www.komodocondominio.com\/index.php?rest_route=\/wp\/v2\/pages\/12182\/revisions\/12285"}],"wp:attachment":[{"href":"https:\/\/www.komodocondominio.com\/index.php?rest_route=%2Fwp%2Fv2%2Fmedia&parent=12182"}],"curies":[{"name":"wp","href":"https:\/\/api.w.org\/{rel}","templated":true}]}}